{"id":105,"date":"2021-12-22T16:43:34","date_gmt":"2021-12-22T15:43:34","guid":{"rendered":"https:\/\/themes.getmotopress.com\/coachzee-psychologist\/?page_id=105"},"modified":"2022-08-12T21:13:27","modified_gmt":"2022-08-12T19:13:27","slug":"galeria","status":"publish","type":"page","link":"https:\/\/mentalhealthatwork.com.pl\/en\/galeria\/","title":{"rendered":"Galeria"},"content":{"rendered":"<div class=\"wp-block-getwid-section alignfull alignfull getwid-margin-top-none getwid-margin-bottom-none\"><div class=\"wp-block-getwid-section__wrapper getwid-margin-left-none getwid-margin-right-none\" style=\"padding-top:130px;padding-bottom:150px\"><div class=\"wp-block-getwid-section__inner-wrapper\"><div class=\"wp-block-getwid-section__background-holder\"><div class=\"wp-block-getwid-section__background\"><\/div><div class=\"wp-block-getwid-section__foreground\"><\/div><\/div><div class=\"wp-block-getwid-section__content\"><div class=\"wp-block-getwid-section__inner-content\">\n<div class=\"wp-block-columns is-style-wide-space is-layout-flex wp-container-core-columns-is-layout-9d6595d7 wp-block-columns-is-layout-flex\">\n<div class=\"wp-block-column is-layout-flow wp-block-column-is-layout-flow\">\n<div class=\"wp-block-getwid-banner is-style-on-hover has-text-animation-opacity-bottom\"><a href=\"#\" class=\"wp-block-getwid-banner__link\"><div class=\"wp-block-getwid-banner__wrapper\"><img loading=\"lazy\" decoding=\"async\" width=\"880\" height=\"880\" src=\"https:\/\/mentalhealthatwork.com.pl\/wp-content\/uploads\/2021\/12\/gallery-3.jpg\" alt=\"\" class=\"wp-block-getwid-banner__image wp-block-getwid-banner__source wp-image-109\" srcset=\"https:\/\/mentalhealthatwork.com.pl\/wp-content\/uploads\/2021\/12\/gallery-3.jpg 880w, https:\/\/mentalhealthatwork.com.pl\/wp-content\/uploads\/2021\/12\/gallery-3-300x300.jpg 300w, https:\/\/mentalhealthatwork.com.pl\/wp-content\/uploads\/2021\/12\/gallery-3-150x150.jpg 150w, https:\/\/mentalhealthatwork.com.pl\/wp-content\/uploads\/2021\/12\/gallery-3-768x768.jpg 768w, https:\/\/mentalhealthatwork.com.pl\/wp-content\/uploads\/2021\/12\/gallery-3-800x800.jpg 800w\" sizes=\"auto, (max-width: 880px) 100vw, 880px\" \/><div class=\"wp-block-getwid-banner__caption\"><div class=\"wp-block-getwid-banner__caption-wrapper\"><span class=\"wp-block-getwid-banner__title\">Workshops<\/span><p class=\"wp-block-getwid-banner__text\">Education<\/p><\/div><\/div><\/div><\/a><\/div>\n<\/div>\n\n\n\n<div class=\"wp-block-column is-layout-flow wp-block-column-is-layout-flow\">\n<div class=\"wp-block-getwid-banner is-style-on-hover has-text-animation-opacity-bottom\"><a href=\"#\" class=\"wp-block-getwid-banner__link\"><div class=\"wp-block-getwid-banner__wrapper\"><img loading=\"lazy\" decoding=\"async\" width=\"880\" height=\"880\" src=\"https:\/\/mentalhealthatwork.com.pl\/wp-content\/uploads\/2021\/12\/gallery-1.jpg\" alt=\"\" class=\"wp-block-getwid-banner__image wp-block-getwid-banner__source wp-image-107\" srcset=\"https:\/\/mentalhealthatwork.com.pl\/wp-content\/uploads\/2021\/12\/gallery-1.jpg 880w, https:\/\/mentalhealthatwork.com.pl\/wp-content\/uploads\/2021\/12\/gallery-1-300x300.jpg 300w, https:\/\/mentalhealthatwork.com.pl\/wp-content\/uploads\/2021\/12\/gallery-1-150x150.jpg 150w, https:\/\/mentalhealthatwork.com.pl\/wp-content\/uploads\/2021\/12\/gallery-1-768x768.jpg 768w, https:\/\/mentalhealthatwork.com.pl\/wp-content\/uploads\/2021\/12\/gallery-1-800x800.jpg 800w\" sizes=\"auto, (max-width: 880px) 100vw, 880px\" \/><div class=\"wp-block-getwid-banner__caption\"><div class=\"wp-block-getwid-banner__caption-wrapper\"><span class=\"wp-block-getwid-banner__title\">Workshops<\/span><p class=\"wp-block-getwid-banner__text\">Education<\/p><\/div><\/div><\/div><\/a><\/div>\n<\/div>\n\n\n\n<div class=\"wp-block-column is-layout-flow wp-block-column-is-layout-flow\">\n<div class=\"wp-block-getwid-banner is-style-on-hover has-text-animation-opacity-bottom\"><a href=\"#\" class=\"wp-block-getwid-banner__link\"><div class=\"wp-block-getwid-banner__wrapper\"><img loading=\"lazy\" decoding=\"async\" width=\"880\" height=\"880\" src=\"https:\/\/mentalhealthatwork.com.pl\/wp-content\/uploads\/2021\/12\/gallery-4.jpg\" alt=\"\" class=\"wp-block-getwid-banner__image wp-block-getwid-banner__source wp-image-110\" srcset=\"https:\/\/mentalhealthatwork.com.pl\/wp-content\/uploads\/2021\/12\/gallery-4.jpg 880w, https:\/\/mentalhealthatwork.com.pl\/wp-content\/uploads\/2021\/12\/gallery-4-300x300.jpg 300w, https:\/\/mentalhealthatwork.com.pl\/wp-content\/uploads\/2021\/12\/gallery-4-150x150.jpg 150w, https:\/\/mentalhealthatwork.com.pl\/wp-content\/uploads\/2021\/12\/gallery-4-768x768.jpg 768w, https:\/\/mentalhealthatwork.com.pl\/wp-content\/uploads\/2021\/12\/gallery-4-800x800.jpg 800w\" sizes=\"auto, (max-width: 880px) 100vw, 880px\" \/><div class=\"wp-block-getwid-banner__caption\"><div class=\"wp-block-getwid-banner__caption-wrapper\"><span class=\"wp-block-getwid-banner__title\">Workshops<\/span><p class=\"wp-block-getwid-banner__text\">Education<\/p><\/div><\/div><\/div><\/a><\/div>\n<\/div>\n<\/div>\n\n\n\n<div class=\"wp-block-getwid-advanced-spacer\" style=\"height:20px\" aria-hidden=\"true\"><\/div>\n\n\n\n<div class=\"wp-block-columns is-style-wide-space is-layout-flex wp-container-core-columns-is-layout-9d6595d7 wp-block-columns-is-layout-flex\">\n<div class=\"wp-block-column is-layout-flow wp-block-column-is-layout-flow\">\n<div class=\"wp-block-getwid-banner is-style-on-hover has-text-animation-opacity-bottom\"><a href=\"#\" class=\"wp-block-getwid-banner__link\"><div class=\"wp-block-getwid-banner__wrapper\"><img loading=\"lazy\" decoding=\"async\" width=\"880\" height=\"880\" src=\"https:\/\/mentalhealthatwork.com.pl\/wp-content\/uploads\/2021\/12\/gallery-5.jpg\" alt=\"\" class=\"wp-block-getwid-banner__image wp-block-getwid-banner__source wp-image-111\" srcset=\"https:\/\/mentalhealthatwork.com.pl\/wp-content\/uploads\/2021\/12\/gallery-5.jpg 880w, https:\/\/mentalhealthatwork.com.pl\/wp-content\/uploads\/2021\/12\/gallery-5-300x300.jpg 300w, https:\/\/mentalhealthatwork.com.pl\/wp-content\/uploads\/2021\/12\/gallery-5-150x150.jpg 150w, https:\/\/mentalhealthatwork.com.pl\/wp-content\/uploads\/2021\/12\/gallery-5-768x768.jpg 768w, https:\/\/mentalhealthatwork.com.pl\/wp-content\/uploads\/2021\/12\/gallery-5-800x800.jpg 800w\" sizes=\"auto, (max-width: 880px) 100vw, 880px\" \/><div class=\"wp-block-getwid-banner__caption\"><div class=\"wp-block-getwid-banner__caption-wrapper\"><span class=\"wp-block-getwid-banner__title\">Workshops<\/span><p class=\"wp-block-getwid-banner__text\">Education<\/p><\/div><\/div><\/div><\/a><\/div>\n<\/div>\n\n\n\n<div class=\"wp-block-column is-layout-flow wp-block-column-is-layout-flow\">\n<div class=\"wp-block-getwid-banner is-style-on-hover has-text-animation-opacity-bottom\"><a href=\"#\" class=\"wp-block-getwid-banner__link\"><div class=\"wp-block-getwid-banner__wrapper\"><img loading=\"lazy\" decoding=\"async\" width=\"880\" height=\"880\" src=\"https:\/\/mentalhealthatwork.com.pl\/wp-content\/uploads\/2021\/12\/gallery-2.jpg\" alt=\"\" class=\"wp-block-getwid-banner__image wp-block-getwid-banner__source wp-image-108\" srcset=\"https:\/\/mentalhealthatwork.com.pl\/wp-content\/uploads\/2021\/12\/gallery-2.jpg 880w, https:\/\/mentalhealthatwork.com.pl\/wp-content\/uploads\/2021\/12\/gallery-2-300x300.jpg 300w, https:\/\/mentalhealthatwork.com.pl\/wp-content\/uploads\/2021\/12\/gallery-2-150x150.jpg 150w, https:\/\/mentalhealthatwork.com.pl\/wp-content\/uploads\/2021\/12\/gallery-2-768x768.jpg 768w, https:\/\/mentalhealthatwork.com.pl\/wp-content\/uploads\/2021\/12\/gallery-2-800x800.jpg 800w\" sizes=\"auto, (max-width: 880px) 100vw, 880px\" \/><div class=\"wp-block-getwid-banner__caption\"><div class=\"wp-block-getwid-banner__caption-wrapper\"><span class=\"wp-block-getwid-banner__title\">Workshops<\/span><p class=\"wp-block-getwid-banner__text\">Education<\/p><\/div><\/div><\/div><\/a><\/div>\n<\/div>\n\n\n\n<div class=\"wp-block-column is-layout-flow wp-block-column-is-layout-flow\">\n<div class=\"wp-block-getwid-banner is-style-on-hover has-text-animation-opacity-bottom\"><a href=\"#\" class=\"wp-block-getwid-banner__link\"><div class=\"wp-block-getwid-banner__wrapper\"><img loading=\"lazy\" decoding=\"async\" width=\"880\" height=\"880\" src=\"https:\/\/mentalhealthatwork.com.pl\/wp-content\/uploads\/2021\/12\/gallery-6.jpg\" alt=\"\" class=\"wp-block-getwid-banner__image wp-block-getwid-banner__source wp-image-112\" srcset=\"https:\/\/mentalhealthatwork.com.pl\/wp-content\/uploads\/2021\/12\/gallery-6.jpg 880w, https:\/\/mentalhealthatwork.com.pl\/wp-content\/uploads\/2021\/12\/gallery-6-300x300.jpg 300w, https:\/\/mentalhealthatwork.com.pl\/wp-content\/uploads\/2021\/12\/gallery-6-150x150.jpg 150w, https:\/\/mentalhealthatwork.com.pl\/wp-content\/uploads\/2021\/12\/gallery-6-768x768.jpg 768w, https:\/\/mentalhealthatwork.com.pl\/wp-content\/uploads\/2021\/12\/gallery-6-800x800.jpg 800w\" sizes=\"auto, (max-width: 880px) 100vw, 880px\" \/><div class=\"wp-block-getwid-banner__caption\"><div class=\"wp-block-getwid-banner__caption-wrapper\"><span class=\"wp-block-getwid-banner__title\">Workshops<\/span><p class=\"wp-block-getwid-banner__text\">Education<\/p><\/div><\/div><\/div><\/a><\/div>\n<\/div>\n<\/div>\n<\/div><\/div><\/div><\/div><\/div>","protected":false},"excerpt":{"rendered":"<p>Sed ut perspiciatis, unde omnis iste natus error sit.<\/p>","protected":false},"author":1,"featured_media":0,"parent":0,"menu_order":0,"comment_status":"closed","ping_status":"closed","template":"template-canvas-with-header.php","meta":{"inline_featured_image":false,"footnotes":""},"class_list":["post-105","page","type-page","status-publish","hentry"],"yoast_head":"<!-- This site is optimized with the Yoast SEO plugin v27.5 - https:\/\/yoast.com\/product\/yoast-seo-wordpress\/ -->\n<title>Galeria - Mental Health at Work: Wsparcie psychologiczne i wi\u0119cej..<\/title>\n<meta name=\"robots\" content=\"index, follow, max-snippet:-1, max-image-preview:large, max-video-preview:-1\" \/>\n<link rel=\"canonical\" href=\"https:\/\/mentalhealthatwork.com.pl\/en\/galeria\/\" \/>\n<meta property=\"og:locale\" content=\"en_GB\" \/>\n<meta property=\"og:type\" content=\"article\" \/>\n<meta property=\"og:title\" content=\"Galeria - Mental Health at Work: Wsparcie psychologiczne i wi\u0119cej..\" \/>\n<meta property=\"og:description\" content=\"Sed ut perspiciatis, unde omnis iste natus error sit.\" \/>\n<meta property=\"og:url\" content=\"https:\/\/mentalhealthatwork.com.pl\/en\/galeria\/\" \/>\n<meta property=\"og:site_name\" content=\"Mental Health at Work: Wsparcie psychologiczne i wi\u0119cej..\" \/>\n<meta property=\"article:publisher\" content=\"https:\/\/www.facebook.com\/mentalhealthatworkcompl\" \/>\n<meta property=\"article:modified_time\" content=\"2022-08-12T19:13:27+00:00\" \/>\n<meta property=\"og:image\" content=\"https:\/\/mentalhealthatwork.com.pl\/wp-content\/uploads\/2021\/12\/gallery-3.jpg\" \/>\n<meta name=\"twitter:card\" content=\"summary_large_image\" \/>\n<script type=\"application\/ld+json\" class=\"yoast-schema-graph\">{\"@context\":\"https:\\\/\\\/schema.org\",\"@graph\":[{\"@type\":\"WebPage\",\"@id\":\"https:\\\/\\\/mentalhealthatwork.com.pl\\\/galeria\\\/\",\"url\":\"https:\\\/\\\/mentalhealthatwork.com.pl\\\/galeria\\\/\",\"name\":\"Galeria - Mental Health at Work: Wsparcie psychologiczne i wi\u0119cej..\",\"isPartOf\":{\"@id\":\"https:\\\/\\\/mentalhealthatwork.com.pl\\\/#website\"},\"primaryImageOfPage\":{\"@id\":\"https:\\\/\\\/mentalhealthatwork.com.pl\\\/galeria\\\/#primaryimage\"},\"image\":{\"@id\":\"https:\\\/\\\/mentalhealthatwork.com.pl\\\/galeria\\\/#primaryimage\"},\"thumbnailUrl\":\"https:\\\/\\\/mentalhealthatwork.com.pl\\\/wp-content\\\/uploads\\\/2021\\\/12\\\/gallery-3.jpg\",\"datePublished\":\"2021-12-22T15:43:34+00:00\",\"dateModified\":\"2022-08-12T19:13:27+00:00\",\"breadcrumb\":{\"@id\":\"https:\\\/\\\/mentalhealthatwork.com.pl\\\/galeria\\\/#breadcrumb\"},\"inLanguage\":\"en-GB\",\"potentialAction\":[{\"@type\":\"ReadAction\",\"target\":[\"https:\\\/\\\/mentalhealthatwork.com.pl\\\/galeria\\\/\"]}]},{\"@type\":\"ImageObject\",\"inLanguage\":\"en-GB\",\"@id\":\"https:\\\/\\\/mentalhealthatwork.com.pl\\\/galeria\\\/#primaryimage\",\"url\":\"https:\\\/\\\/mentalhealthatwork.com.pl\\\/wp-content\\\/uploads\\\/2021\\\/12\\\/gallery-3.jpg\",\"contentUrl\":\"https:\\\/\\\/mentalhealthatwork.com.pl\\\/wp-content\\\/uploads\\\/2021\\\/12\\\/gallery-3.jpg\"},{\"@type\":\"BreadcrumbList\",\"@id\":\"https:\\\/\\\/mentalhealthatwork.com.pl\\\/galeria\\\/#breadcrumb\",\"itemListElement\":[{\"@type\":\"ListItem\",\"position\":1,\"name\":\"Strona g\u0142\u00f3wna\",\"item\":\"https:\\\/\\\/mentalhealthatwork.com.pl\\\/\"},{\"@type\":\"ListItem\",\"position\":2,\"name\":\"Galeria\"}]},{\"@type\":\"WebSite\",\"@id\":\"https:\\\/\\\/mentalhealthatwork.com.pl\\\/#website\",\"url\":\"https:\\\/\\\/mentalhealthatwork.com.pl\\\/\",\"name\":\"Mental Health at Work: Wsparcie psychologiczne i wi\u0119cej..\",\"description\":\"Zdrowie psychiczne, zdrowa wsp\u00f3\u0142praca i zdrowa efektywno\u015b\u0107 ? Tego potrzebujesz? To po to jeste\u015bmy! Zapraszamy.\",\"publisher\":{\"@id\":\"https:\\\/\\\/mentalhealthatwork.com.pl\\\/#organization\"},\"potentialAction\":[{\"@type\":\"SearchAction\",\"target\":{\"@type\":\"EntryPoint\",\"urlTemplate\":\"https:\\\/\\\/mentalhealthatwork.com.pl\\\/?s={search_term_string}\"},\"query-input\":{\"@type\":\"PropertyValueSpecification\",\"valueRequired\":true,\"valueName\":\"search_term_string\"}}],\"inLanguage\":\"en-GB\"},{\"@type\":\"Organization\",\"@id\":\"https:\\\/\\\/mentalhealthatwork.com.pl\\\/#organization\",\"name\":\"Mental Health at Work: Wsparcie psychologiczne i wi\u0119cej..\",\"url\":\"https:\\\/\\\/mentalhealthatwork.com.pl\\\/\",\"logo\":{\"@type\":\"ImageObject\",\"inLanguage\":\"en-GB\",\"@id\":\"https:\\\/\\\/mentalhealthatwork.com.pl\\\/#\\\/schema\\\/logo\\\/image\\\/\",\"url\":\"https:\\\/\\\/mentalhealthatwork.com.pl\\\/wp-content\\\/uploads\\\/2022\\\/08\\\/MH_logo1-1.png\",\"contentUrl\":\"https:\\\/\\\/mentalhealthatwork.com.pl\\\/wp-content\\\/uploads\\\/2022\\\/08\\\/MH_logo1-1.png\",\"width\":187,\"height\":70,\"caption\":\"Mental Health at Work: Wsparcie psychologiczne i wi\u0119cej..\"},\"image\":{\"@id\":\"https:\\\/\\\/mentalhealthatwork.com.pl\\\/#\\\/schema\\\/logo\\\/image\\\/\"},\"sameAs\":[\"https:\\\/\\\/www.facebook.com\\\/mentalhealthatworkcompl\"]}]}<\/script>\n<!-- \/ Yoast SEO plugin. -->","yoast_head_json":{"title":"Galeria - Mental Health at Work: Wsparcie psychologiczne i wi\u0119cej..","robots":{"index":"index","follow":"follow","max-snippet":"max-snippet:-1","max-image-preview":"max-image-preview:large","max-video-preview":"max-video-preview:-1"},"canonical":"https:\/\/mentalhealthatwork.com.pl\/en\/galeria\/","og_locale":"en_GB","og_type":"article","og_title":"Galeria - Mental Health at Work: Wsparcie psychologiczne i wi\u0119cej..","og_description":"Sed ut perspiciatis, unde omnis iste natus error sit.","og_url":"https:\/\/mentalhealthatwork.com.pl\/en\/galeria\/","og_site_name":"Mental Health at Work: Wsparcie psychologiczne i wi\u0119cej..","article_publisher":"https:\/\/www.facebook.com\/mentalhealthatworkcompl","article_modified_time":"2022-08-12T19:13:27+00:00","og_image":[{"url":"https:\/\/mentalhealthatwork.com.pl\/wp-content\/uploads\/2021\/12\/gallery-3.jpg","type":"","width":"","height":""}],"twitter_card":"summary_large_image","schema":{"@context":"https:\/\/schema.org","@graph":[{"@type":"WebPage","@id":"https:\/\/mentalhealthatwork.com.pl\/galeria\/","url":"https:\/\/mentalhealthatwork.com.pl\/galeria\/","name":"Galeria - Mental Health at Work: Wsparcie psychologiczne i wi\u0119cej..","isPartOf":{"@id":"https:\/\/mentalhealthatwork.com.pl\/#website"},"primaryImageOfPage":{"@id":"https:\/\/mentalhealthatwork.com.pl\/galeria\/#primaryimage"},"image":{"@id":"https:\/\/mentalhealthatwork.com.pl\/galeria\/#primaryimage"},"thumbnailUrl":"https:\/\/mentalhealthatwork.com.pl\/wp-content\/uploads\/2021\/12\/gallery-3.jpg","datePublished":"2021-12-22T15:43:34+00:00","dateModified":"2022-08-12T19:13:27+00:00","breadcrumb":{"@id":"https:\/\/mentalhealthatwork.com.pl\/galeria\/#breadcrumb"},"inLanguage":"en-GB","potentialAction":[{"@type":"ReadAction","target":["https:\/\/mentalhealthatwork.com.pl\/galeria\/"]}]},{"@type":"ImageObject","inLanguage":"en-GB","@id":"https:\/\/mentalhealthatwork.com.pl\/galeria\/#primaryimage","url":"https:\/\/mentalhealthatwork.com.pl\/wp-content\/uploads\/2021\/12\/gallery-3.jpg","contentUrl":"https:\/\/mentalhealthatwork.com.pl\/wp-content\/uploads\/2021\/12\/gallery-3.jpg"},{"@type":"BreadcrumbList","@id":"https:\/\/mentalhealthatwork.com.pl\/galeria\/#breadcrumb","itemListElement":[{"@type":"ListItem","position":1,"name":"Strona g\u0142\u00f3wna","item":"https:\/\/mentalhealthatwork.com.pl\/"},{"@type":"ListItem","position":2,"name":"Galeria"}]},{"@type":"WebSite","@id":"https:\/\/mentalhealthatwork.com.pl\/#website","url":"https:\/\/mentalhealthatwork.com.pl\/","name":"Mental Health at Work: Wsparcie psychologiczne i wi\u0119cej..","description":"Zdrowie psychiczne, zdrowa wsp\u00f3\u0142praca i zdrowa efektywno\u015b\u0107 ? Tego potrzebujesz? To po to jeste\u015bmy! Zapraszamy.","publisher":{"@id":"https:\/\/mentalhealthatwork.com.pl\/#organization"},"potentialAction":[{"@type":"SearchAction","target":{"@type":"EntryPoint","urlTemplate":"https:\/\/mentalhealthatwork.com.pl\/?s={search_term_string}"},"query-input":{"@type":"PropertyValueSpecification","valueRequired":true,"valueName":"search_term_string"}}],"inLanguage":"en-GB"},{"@type":"Organization","@id":"https:\/\/mentalhealthatwork.com.pl\/#organization","name":"Mental Health at Work: Wsparcie psychologiczne i wi\u0119cej..","url":"https:\/\/mentalhealthatwork.com.pl\/","logo":{"@type":"ImageObject","inLanguage":"en-GB","@id":"https:\/\/mentalhealthatwork.com.pl\/#\/schema\/logo\/image\/","url":"https:\/\/mentalhealthatwork.com.pl\/wp-content\/uploads\/2022\/08\/MH_logo1-1.png","contentUrl":"https:\/\/mentalhealthatwork.com.pl\/wp-content\/uploads\/2022\/08\/MH_logo1-1.png","width":187,"height":70,"caption":"Mental Health at Work: Wsparcie psychologiczne i wi\u0119cej.."},"image":{"@id":"https:\/\/mentalhealthatwork.com.pl\/#\/schema\/logo\/image\/"},"sameAs":["https:\/\/www.facebook.com\/mentalhealthatworkcompl"]}]}},"_links":{"self":[{"href":"https:\/\/mentalhealthatwork.com.pl\/en\/wp-json\/wp\/v2\/pages\/105","targetHints":{"allow":["GET"]}}],"collection":[{"href":"https:\/\/mentalhealthatwork.com.pl\/en\/wp-json\/wp\/v2\/pages"}],"about":[{"href":"https:\/\/mentalhealthatwork.com.pl\/en\/wp-json\/wp\/v2\/types\/page"}],"author":[{"embeddable":true,"href":"https:\/\/mentalhealthatwork.com.pl\/en\/wp-json\/wp\/v2\/users\/1"}],"replies":[{"embeddable":true,"href":"https:\/\/mentalhealthatwork.com.pl\/en\/wp-json\/wp\/v2\/comments?post=105"}],"version-history":[{"count":2,"href":"https:\/\/mentalhealthatwork.com.pl\/en\/wp-json\/wp\/v2\/pages\/105\/revisions"}],"predecessor-version":[{"id":4141,"href":"https:\/\/mentalhealthatwork.com.pl\/en\/wp-json\/wp\/v2\/pages\/105\/revisions\/4141"}],"wp:attachment":[{"href":"https:\/\/mentalhealthatwork.com.pl\/en\/wp-json\/wp\/v2\/media?parent=105"}],"curies":[{"name":"wp","href":"https:\/\/api.w.org\/{rel}","templated":true}]}}